{"id":20,"date":"2023-03-15T09:40:45","date_gmt":"2023-03-15T09:40:45","guid":{"rendered":"https:\/\/aikidocolmenarviejo.es\/?page_id=20"},"modified":"2025-02-26T22:19:18","modified_gmt":"2025-02-26T22:19:18","slug":"20-2","status":"publish","type":"page","link":"https:\/\/aikidocolmenarviejo.es\/?page_id=20","title":{"rendered":"QUI\u00c9NES SOMOS"},"content":{"rendered":"\n<h2 class=\"wp-block-heading has-text-align-center has-black-color has-text-color\">Club Deportivo Aikido Colmenar Viejo<\/h2>\n\n\n\n<p class=\"has-text-align-left\">Nuestra actividad principal es la difusi\u00f3n y ense\u00f1anza de Aikido, arte marcial <br>fundado por <strong>Morei Ueshiba <\/strong>y desarrollado en Espa\u00f1a por nuestro maestro<br><strong>Yasunari Kitaura 8\u00ba Dan Shihan<\/strong><\/p>\n\n\n\n<figure class=\"wp-block-gallery has-nested-images columns-default is-cropped wp-block-gallery-1 is-layout-flex wp-block-gallery-is-layout-flex\">\n<figure class=\"wp-block-image size-large\"><img loading=\"lazy\" decoding=\"async\" width=\"720\" height=\"1024\" data-id=\"306\" src=\"https:\/\/aikidocolmenarviejo.es\/wp-content\/uploads\/2023\/10\/Homenaje-Kitaura-720x1024.jpg\" alt=\"\" class=\"wp-image-306\" srcset=\"https:\/\/aikidocolmenarviejo.es\/wp-content\/uploads\/2023\/10\/Homenaje-Kitaura-720x1024.jpg 720w, https:\/\/aikidocolmenarviejo.es\/wp-content\/uploads\/2023\/10\/Homenaje-Kitaura-211x300.jpg 211w, https:\/\/aikidocolmenarviejo.es\/wp-content\/uploads\/2023\/10\/Homenaje-Kitaura.jpg 744w\" sizes=\"auto, (max-width: 720px) 100vw, 720px\" \/><\/figure>\n\n\n\n<figure class=\"wp-block-image size-large\"><img loading=\"lazy\" decoding=\"async\" width=\"1024\" height=\"575\" data-id=\"221\" src=\"https:\/\/aikidocolmenarviejo.es\/wp-content\/uploads\/2023\/04\/YDRAY-_MG_3409-1024x575.jpg\" alt=\"\" class=\"wp-image-221\" srcset=\"https:\/\/aikidocolmenarviejo.es\/wp-content\/uploads\/2023\/04\/YDRAY-_MG_3409-1024x575.jpg 1024w, https:\/\/aikidocolmenarviejo.es\/wp-content\/uploads\/2023\/04\/YDRAY-_MG_3409-300x169.jpg 300w, https:\/\/aikidocolmenarviejo.es\/wp-content\/uploads\/2023\/04\/YDRAY-_MG_3409-768x431.jpg 768w, https:\/\/aikidocolmenarviejo.es\/wp-content\/uploads\/2023\/04\/YDRAY-_MG_3409.jpg 1100w\" sizes=\"auto, (max-width: 1024px) 100vw, 1024px\" \/><\/figure>\n\n\n\n<figure class=\"wp-block-image size-large\"><img loading=\"lazy\" decoding=\"async\" width=\"1024\" height=\"575\" data-id=\"202\" src=\"https:\/\/aikidocolmenarviejo.es\/wp-content\/uploads\/2023\/04\/YDRAY-_MG_3114-1024x575.jpg\" alt=\"\" class=\"wp-image-202\" srcset=\"https:\/\/aikidocolmenarviejo.es\/wp-content\/uploads\/2023\/04\/YDRAY-_MG_3114-1024x575.jpg 1024w, https:\/\/aikidocolmenarviejo.es\/wp-content\/uploads\/2023\/04\/YDRAY-_MG_3114-300x169.jpg 300w, https:\/\/aikidocolmenarviejo.es\/wp-content\/uploads\/2023\/04\/YDRAY-_MG_3114-768x431.jpg 768w, https:\/\/aikidocolmenarviejo.es\/wp-content\/uploads\/2023\/04\/YDRAY-_MG_3114.jpg 1100w\" sizes=\"auto, (max-width: 1024px) 100vw, 1024px\" \/><\/figure>\n\n\n\n<figure class=\"wp-block-image size-large\"><img loading=\"lazy\" decoding=\"async\" width=\"650\" height=\"347\" data-id=\"359\" src=\"https:\/\/aikidocolmenarviejo.es\/wp-content\/uploads\/2024\/10\/DiaDeporte.jpg\" alt=\"\" class=\"wp-image-359\" srcset=\"https:\/\/aikidocolmenarviejo.es\/wp-content\/uploads\/2024\/10\/DiaDeporte.jpg 650w, https:\/\/aikidocolmenarviejo.es\/wp-content\/uploads\/2024\/10\/DiaDeporte-300x160.jpg 300w\" sizes=\"auto, (max-width: 650px) 100vw, 650px\" \/><\/figure>\n\n\n\n<figure class=\"wp-block-image size-large\"><img loading=\"lazy\" decoding=\"async\" width=\"884\" height=\"494\" data-id=\"341\" src=\"https:\/\/aikidocolmenarviejo.es\/wp-content\/uploads\/2024\/04\/Video1.jpg\" alt=\"\" class=\"wp-image-341\" srcset=\"https:\/\/aikidocolmenarviejo.es\/wp-content\/uploads\/2024\/04\/Video1.jpg 884w, https:\/\/aikidocolmenarviejo.es\/wp-content\/uploads\/2024\/04\/Video1-300x168.jpg 300w, https:\/\/aikidocolmenarviejo.es\/wp-content\/uploads\/2024\/04\/Video1-768x429.jpg 768w\" sizes=\"auto, (max-width: 884px) 100vw, 884px\" \/><\/figure>\n\n\n\n<figure class=\"wp-block-image size-large\"><img loading=\"lazy\" decoding=\"async\" width=\"1024\" height=\"575\" data-id=\"220\" src=\"https:\/\/aikidocolmenarviejo.es\/wp-content\/uploads\/2023\/04\/YDRAY-_MG_3403-1024x575.jpg\" alt=\"\" class=\"wp-image-220\" srcset=\"https:\/\/aikidocolmenarviejo.es\/wp-content\/uploads\/2023\/04\/YDRAY-_MG_3403-1024x575.jpg 1024w, https:\/\/aikidocolmenarviejo.es\/wp-content\/uploads\/2023\/04\/YDRAY-_MG_3403-300x169.jpg 300w, https:\/\/aikidocolmenarviejo.es\/wp-content\/uploads\/2023\/04\/YDRAY-_MG_3403-768x431.jpg 768w, https:\/\/aikidocolmenarviejo.es\/wp-content\/uploads\/2023\/04\/YDRAY-_MG_3403.jpg 1100w\" sizes=\"auto, (max-width: 1024px) 100vw, 1024px\" \/><\/figure>\n\n\n\n<figure class=\"wp-block-image size-large\"><img loading=\"lazy\" decoding=\"async\" width=\"1024\" height=\"575\" data-id=\"201\" src=\"https:\/\/aikidocolmenarviejo.es\/wp-content\/uploads\/2023\/04\/YDRAY-_MG_3105-1024x575.jpg\" alt=\"\" class=\"wp-image-201\" srcset=\"https:\/\/aikidocolmenarviejo.es\/wp-content\/uploads\/2023\/04\/YDRAY-_MG_3105-1024x575.jpg 1024w, https:\/\/aikidocolmenarviejo.es\/wp-content\/uploads\/2023\/04\/YDRAY-_MG_3105-300x169.jpg 300w, https:\/\/aikidocolmenarviejo.es\/wp-content\/uploads\/2023\/04\/YDRAY-_MG_3105-768x431.jpg 768w, https:\/\/aikidocolmenarviejo.es\/wp-content\/uploads\/2023\/04\/YDRAY-_MG_3105.jpg 1100w\" sizes=\"auto, (max-width: 1024px) 100vw, 1024px\" \/><\/figure>\n\n\n\n<figure class=\"wp-block-image size-large\"><img loading=\"lazy\" decoding=\"async\" width=\"1024\" height=\"575\" data-id=\"215\" src=\"https:\/\/aikidocolmenarviejo.es\/wp-content\/uploads\/2023\/04\/YDRAY-_MG_3379-1024x575.jpg\" alt=\"\" class=\"wp-image-215\" srcset=\"https:\/\/aikidocolmenarviejo.es\/wp-content\/uploads\/2023\/04\/YDRAY-_MG_3379-1024x575.jpg 1024w, https:\/\/aikidocolmenarviejo.es\/wp-content\/uploads\/2023\/04\/YDRAY-_MG_3379-300x169.jpg 300w, https:\/\/aikidocolmenarviejo.es\/wp-content\/uploads\/2023\/04\/YDRAY-_MG_3379-768x431.jpg 768w, https:\/\/aikidocolmenarviejo.es\/wp-content\/uploads\/2023\/04\/YDRAY-_MG_3379.jpg 1100w\" sizes=\"auto, (max-width: 1024px) 100vw, 1024px\" \/><\/figure>\n<\/figure>\n\n\n\n<div style=\"height:23px\" aria-hidden=\"true\" class=\"wp-block-spacer\"><\/div>\n\n\n\n<div style=\"height:100px\" aria-hidden=\"true\" class=\"wp-block-spacer\"><\/div>\n\n\n\n<p class=\"has-text-align-center\"><\/p>\n\n\n\n<hr class=\"wp-block-separator has-text-color has-black-color has-alpha-channel-opacity has-black-background-color has-background is-style-dots\"\/>\n","protected":false},"excerpt":{"rendered":"<p>Club Deportivo Aikido Colmenar Viejo Nuestra actividad principal es la difusi\u00f3n y ense\u00f1anza de Aikido, arte marcial fundado por Morei Ueshiba y desarrollado en Espa\u00f1a por nuestro maestroYasunari Kitaura 8\u00ba Dan Shihan<\/p>\n","protected":false},"author":1,"featured_media":0,"parent":0,"menu_order":0,"comment_status":"closed","ping_status":"closed","template":"","meta":{"om_disable_all_campaigns":false,"_monsterinsights_skip_tracking":false,"_monsterinsights_sitenote_active":false,"_monsterinsights_sitenote_note":"","_monsterinsights_sitenote_category":0,"_kad_post_transparent":"","_kad_post_title":"","_kad_post_layout":"","_kad_post_sidebar_id":"","_kad_post_content_style":"","_kad_post_vertical_padding":"","_kad_post_feature":"","_kad_post_feature_position":"","_kad_post_header":false,"_kad_post_footer":false,"_kad_post_classname":"","footnotes":""},"class_list":["post-20","page","type-page","status-publish","hentry"],"aioseo_notices":[],"_links":{"self":[{"href":"https:\/\/aikidocolmenarviejo.es\/index.php?rest_route=\/wp\/v2\/pages\/20","targetHints":{"allow":["GET"]}}],"collection":[{"href":"https:\/\/aikidocolmenarviejo.es\/index.php?rest_route=\/wp\/v2\/pages"}],"about":[{"href":"https:\/\/aikidocolmenarviejo.es\/index.php?rest_route=\/wp\/v2\/types\/page"}],"author":[{"embeddable":true,"href":"https:\/\/aikidocolmenarviejo.es\/index.php?rest_route=\/wp\/v2\/users\/1"}],"replies":[{"embeddable":true,"href":"https:\/\/aikidocolmenarviejo.es\/index.php?rest_route=%2Fwp%2Fv2%2Fcomments&post=20"}],"version-history":[{"count":82,"href":"https:\/\/aikidocolmenarviejo.es\/index.php?rest_route=\/wp\/v2\/pages\/20\/revisions"}],"predecessor-version":[{"id":491,"href":"https:\/\/aikidocolmenarviejo.es\/index.php?rest_route=\/wp\/v2\/pages\/20\/revisions\/491"}],"wp:attachment":[{"href":"https:\/\/aikidocolmenarviejo.es\/index.php?rest_route=%2Fwp%2Fv2%2Fmedia&parent=20"}],"curies":[{"name":"wp","href":"https:\/\/api.w.org\/{rel}","templated":true}]}}