{"id":452,"date":"2025-02-26T21:05:55","date_gmt":"2025-02-26T21:05:55","guid":{"rendered":"https:\/\/aikidocolmenarviejo.es\/?page_id=452"},"modified":"2025-03-13T11:32:10","modified_gmt":"2025-03-13T11:32:10","slug":"inicio","status":"publish","type":"page","link":"https:\/\/aikidocolmenarviejo.es\/?page_id=452","title":{"rendered":"INICIO"},"content":{"rendered":"\n<h3 class=\"wp-block-heading has-text-align-center\" style=\"font-size:31px\"><strong>XVII Encuentro Nacional de Aikido El 22 y 23 de marzo de 2025<\/strong><\/h3>\n\n\n<div class=\"wp-block-image\">\n<figure class=\"aligncenter size-full is-resized\"><img loading=\"lazy\" decoding=\"async\" width=\"595\" height=\"841\" src=\"https:\/\/aikidocolmenarviejo.es\/wp-content\/uploads\/2025\/02\/curso25.jpg\" alt=\"\" class=\"wp-image-404\" style=\"width:413px;height:auto\" srcset=\"https:\/\/aikidocolmenarviejo.es\/wp-content\/uploads\/2025\/02\/curso25.jpg 595w, https:\/\/aikidocolmenarviejo.es\/wp-content\/uploads\/2025\/02\/curso25-212x300.jpg 212w\" sizes=\"auto, (max-width: 595px) 100vw, 595px\" \/><\/figure>\n<\/div>\n\n\n<p class=\"has-text-align-center\"><\/p>\n\n\n\n<div class=\"wp-block-buttons alignwide is-content-justification-center is-layout-flex wp-container-core-buttons-is-layout-16018d1d wp-block-buttons-is-layout-flex\">\n<div class=\"wp-block-button has-custom-width wp-block-button__width-50 has-custom-font-size has-medium-font-size\"><a class=\"wp-block-button__link has-theme-palette-3-color has-text-color has-link-color has-text-align-center wp-element-button\" href=\"https:\/\/aikidoacae.com\/es\/app\" target=\"_blank\" rel=\"noreferrer noopener\"><strong>\u00a1<\/strong>I<strong>NSCR\u00cdBETE aqu\u00ed!<\/strong><\/a><\/div>\n<\/div>\n\n\n\n<p class=\"has-theme-palette-3-color has-text-color has-link-color wp-elements-d1dcc5810955276ded53f38ab0857e2d\">El curso ser\u00e1 impartido por los maestros <strong>Guillermo Renedo 6\u00b0Dan Aikikai y Ram\u00f3n Vicente 5\u00b0Dan Aikikai<\/strong> ambos alumnos directos del maestro Yasunari Kitaura 8\u00b0 Dan Shihan.<\/p>\n\n\n\n<p class=\"has-theme-palette-3-color has-text-color has-link-color wp-elements-5c0f0296e609f4c7f094a167deaecbed\">Es requisito obligatorio para la asistencia al curso estar cubierto por seguro deportivo de accidentes. <\/p>\n\n\n\n<p class=\"has-theme-palette-3-color has-text-color has-link-color wp-elements-6ecddfb1fde5925768868585f1e103b6\">La inscripci\u00f3n podr\u00e1 realizarse en las instalaciones el mismo d\u00eda del evento, pero se recomienda hacerlo previamente a trav\u00e9s de este formulario. <\/p>\n\n\n\n<p class=\"has-theme-palette-3-color has-text-color has-link-color wp-elements-731a0fdf0730ba0eae4b56039bdca6d1\">Cuota general Curso completo: 55\u20ac      Sesi\u00f3n: 25\u20ac <\/p>\n\n\n\n<p class=\"has-theme-palette-3-color has-text-color has-link-color wp-elements-27276005acb43f7fdbb25b6690def768\">Menores de edad (con autorizaci\u00f3n de tutores legales) Curso completo: 20\u20ac     Sesi\u00f3n: 10\u20ac<\/p>\n\n\n\n<p class=\"has-theme-palette-3-color has-text-color has-link-color wp-elements-2ce610796ba8f9b593b749d4570dc31f\">Transferencia bancaria a la cuenta: IBAN ES22 1491 0001 2630 0006 7165.<\/p>\n\n\n\n<p class=\"has-theme-palette-3-color has-text-color has-link-color wp-elements-2eeda914df158347f17d0b1018273ed1\">Nombre del beneficiario: AIKIDO COLMENAR VIEJO En el CONCEPTO indique su NOMBRE y APELLIDOS para facilitar la identificaci\u00f3n. <strong>Se aplicar\u00e1 un descuento de 5 \u20ac<\/strong>, exclusivamente para curso completo en cuota general (quedar\u00eda en 50\u20ac) en <strong>preinscripciones antes del 18 de marzo de 2025<\/strong>).<\/p>\n\n\n\n<p><\/p>\n","protected":false},"excerpt":{"rendered":"<p>XVII Encuentro Nacional de Aikido El 22 y 23 de marzo de 2025 El curso ser\u00e1 impartido por los maestros Guillermo Renedo 6\u00b0Dan Aikikai y Ram\u00f3n Vicente 5\u00b0Dan Aikikai ambos alumnos directos del maestro Yasunari Kitaura 8\u00b0 Dan Shihan. Es requisito obligatorio para la asistencia al curso estar cubierto por seguro deportivo de accidentes. La&#8230;<\/p>\n","protected":false},"author":1,"featured_media":0,"parent":0,"menu_order":0,"comment_status":"closed","ping_status":"closed","template":"","meta":{"om_disable_all_campaigns":false,"_monsterinsights_skip_tracking":false,"_monsterinsights_sitenote_active":false,"_monsterinsights_sitenote_note":"","_monsterinsights_sitenote_category":0,"_kad_post_transparent":"","_kad_post_title":"","_kad_post_layout":"","_kad_post_sidebar_id":"","_kad_post_content_style":"","_kad_post_vertical_padding":"","_kad_post_feature":"","_kad_post_feature_position":"","_kad_post_header":false,"_kad_post_footer":false,"_kad_post_classname":"","footnotes":""},"class_list":["post-452","page","type-page","status-publish","hentry"],"aioseo_notices":[],"_links":{"self":[{"href":"https:\/\/aikidocolmenarviejo.es\/index.php?rest_route=\/wp\/v2\/pages\/452","targetHints":{"allow":["GET"]}}],"collection":[{"href":"https:\/\/aikidocolmenarviejo.es\/index.php?rest_route=\/wp\/v2\/pages"}],"about":[{"href":"https:\/\/aikidocolmenarviejo.es\/index.php?rest_route=\/wp\/v2\/types\/page"}],"author":[{"embeddable":true,"href":"https:\/\/aikidocolmenarviejo.es\/index.php?rest_route=\/wp\/v2\/users\/1"}],"replies":[{"embeddable":true,"href":"https:\/\/aikidocolmenarviejo.es\/index.php?rest_route=%2Fwp%2Fv2%2Fcomments&post=452"}],"version-history":[{"count":11,"href":"https:\/\/aikidocolmenarviejo.es\/index.php?rest_route=\/wp\/v2\/pages\/452\/revisions"}],"predecessor-version":[{"id":631,"href":"https:\/\/aikidocolmenarviejo.es\/index.php?rest_route=\/wp\/v2\/pages\/452\/revisions\/631"}],"wp:attachment":[{"href":"https:\/\/aikidocolmenarviejo.es\/index.php?rest_route=%2Fwp%2Fv2%2Fmedia&parent=452"}],"curies":[{"name":"wp","href":"https:\/\/api.w.org\/{rel}","templated":true}]}}